{"id":102,"date":"2015-04-29T03:26:31","date_gmt":"2015-04-29T03:26:31","guid":{"rendered":"http:\/\/localhost\/wordpress\/wp_vicky\/?page_id=102"},"modified":"2018-01-16T08:36:51","modified_gmt":"2018-01-16T08:36:51","slug":"kapcsolat","status":"publish","type":"page","link":"https:\/\/ozdijazzparade.com\/index.php\/kapcsolat\/","title":{"rendered":"Kapcsolat"},"content":{"rendered":"<div class=\"wpb-content-wrapper\"><p>[vc_row wrap_type=&#8221;in_container&#8221;][vc_column width=&#8221;1\/2&#8243;][vc_custom_heading text=&#8221;Varga Tibor Fesztiv\u00e1l igazgat\u00f3&#8221; use_theme_fonts=&#8221;yes&#8221; css=&#8221;.vc_custom_1516091602723{margin-top: 0px !important;}&#8221;][vc_separator color=&#8221;custom&#8221; align=&#8221;align_left&#8221; el_width=&#8221;20&#8243; css_animation=&#8221;fadeInLeft&#8221; accent_color=&#8221;#dd0000&#8243;][vc_row_inner css=&#8221;.vc_custom_1439278659837{padding-right: 30px !important;}&#8221;][vc_column_inner][vc_column_text]<\/p>\n<h4>Tel: +36 20 9426 995<\/h4>\n<h4>Email: lucky.boys.orchestra@gmail.com<\/h4>\n<p>[\/vc_column_text][\/vc_column_inner][\/vc_row_inner][\/vc_column][vc_column width=&#8221;1\/2&#8243;][vc_custom_heading text=&#8221;Dancsok Tam\u00e1s f\u0151szervez\u0151&#8221; use_theme_fonts=&#8221;yes&#8221; css=&#8221;.vc_custom_1516091613338{margin-top: 0px !important;}&#8221;][vc_separator color=&#8221;custom&#8221; align=&#8221;align_left&#8221; el_width=&#8221;20&#8243; css_animation=&#8221;fadeInLeft&#8221; accent_color=&#8221;#dd0000&#8243;][vc_row_inner css=&#8221;.vc_custom_1439278659837{padding-right: 30px !important;}&#8221;][vc_column_inner][vc_column_text]<\/p>\n<h4>Tel:\u00a0+36 30 9551 227<\/h4>\n<h4><\/h4>\n<p>[\/vc_column_text][\/vc_column_inner][\/vc_row_inner][\/vc_column][\/vc_row][vc_row wrap_type=&#8221;in_container&#8221; css=&#8221;.vc_custom_1516091687760{margin-top: 60px !important;}&#8221;][vc_column][vc_custom_heading text=&#8221;K\u00fcldj \u00fczenetet ha nem szeretsz telefon\u00e1lni&#8221; use_theme_fonts=&#8221;yes&#8221; css=&#8221;.vc_custom_1516091807617{margin-top: 0px !important;}&#8221;][vc_separator color=&#8221;custom&#8221; align=&#8221;align_left&#8221; el_width=&#8221;10&#8243; css_animation=&#8221;fadeInLeft&#8221; accent_color=&#8221;#dd0000&#8243;][vc_empty_space][vc_row_inner css=&#8221;.vc_custom_1439278659837{padding-right: 30px !important;}&#8221;][vc_column_inner]\n<div class=\"wpcf7 no-js\" id=\"wpcf7-f4-o1\" lang=\"hu-HU\" dir=\"ltr\" data-wpcf7-id=\"4\">\n<div class=\"screen-reader-response\"><p role=\"status\" aria-live=\"polite\" aria-atomic=\"true\"><\/p> <ul><\/ul><\/div>\n<form action=\"\/index.php\/wp-json\/wp\/v2\/pages\/102#wpcf7-f4-o1\" method=\"post\" class=\"wpcf7-form init\" aria-label=\"Kapcsolatfelv\u00e9teli \u0171rlap\" novalidate=\"novalidate\" data-status=\"init\">\n<fieldset class=\"hidden-fields-container\"><input type=\"hidden\" name=\"_wpcf7\" value=\"4\" \/><input type=\"hidden\" name=\"_wpcf7_version\" value=\"6.1.5\" \/><input type=\"hidden\" name=\"_wpcf7_locale\" value=\"hu_HU\" \/><input type=\"hidden\" name=\"_wpcf7_unit_tag\" value=\"wpcf7-f4-o1\" \/><input type=\"hidden\" name=\"_wpcf7_container_post\" value=\"0\" \/><input type=\"hidden\" name=\"_wpcf7_posted_data_hash\" value=\"\" \/>\n<\/fieldset>\n<p><label> Neved (k\u00f6telez\u0151)<br \/>\n<span class=\"wpcf7-form-control-wrap\" data-name=\"your-name\"><input size=\"40\" maxlength=\"400\" class=\"wpcf7-form-control wpcf7-text wpcf7-validates-as-required\" aria-required=\"true\" aria-invalid=\"false\" value=\"\" type=\"text\" name=\"your-name\" \/><\/span> <\/label>\n<\/p>\n<p><label> Email c\u00edmed (k\u00f6telez\u0151)<br \/>\n<span class=\"wpcf7-form-control-wrap\" data-name=\"your-email\"><input size=\"40\" maxlength=\"400\" class=\"wpcf7-form-control wpcf7-email wpcf7-validates-as-required wpcf7-text wpcf7-validates-as-email\" aria-required=\"true\" aria-invalid=\"false\" value=\"\" type=\"email\" name=\"your-email\" \/><\/span> <\/label>\n<\/p>\n<p><label> \u00dczeneted sz\u00f6vege<br \/>\n<span class=\"wpcf7-form-control-wrap\" data-name=\"your-message\"><textarea cols=\"40\" rows=\"10\" maxlength=\"2000\" class=\"wpcf7-form-control wpcf7-textarea\" aria-invalid=\"false\" name=\"your-message\"><\/textarea><\/span> <\/label>\n<\/p>\n<p><input class=\"wpcf7-form-control wpcf7-submit has-spinner\" type=\"submit\" value=\"K\u00fcld\u00e9s\" \/>\n<\/p><p style=\"display: none !important;\" class=\"akismet-fields-container\" data-prefix=\"_wpcf7_ak_\"><label>&#916;<textarea name=\"_wpcf7_ak_hp_textarea\" cols=\"45\" rows=\"8\" maxlength=\"100\"><\/textarea><\/label><input type=\"hidden\" id=\"ak_js_1\" name=\"_wpcf7_ak_js\" value=\"64\"\/><script>document.getElementById( \"ak_js_1\" ).setAttribute( \"value\", ( new Date() ).getTime() );<\/script><\/p><div class=\"wpcf7-response-output\" aria-hidden=\"true\"><\/div>\n<\/form>\n<\/div>\n[\/vc_column_inner][\/vc_row_inner][vc_gmaps link=&#8221;#E-8_JTNDaWZyYW1lJTIwc3JjJTNEJTIyaHR0cHMlM0ElMkYlMkZ3d3cuZ29vZ2xlLmNvbSUyRm1hcHMlMkZlbWJlZCUzRnBiJTNEJTIxMW0xOCUyMTFtMTIlMjExbTMlMjExZDI2NTguNDAxODI0OTYwNDU0NiUyMTJkMjAuMjk1ODI2NjYzMzg2NTUzJTIxM2Q0OC4yMTgxMzY2NjQ4Njk4MjQlMjEybTMlMjExZjAlMjEyZjAlMjEzZjAlMjEzbTIlMjExaTEwMjQlMjEyaTc2OCUyMTRmMTMuMSUyMTNtMyUyMTFtMiUyMTFzMHg0NzNmODA5NWM4MjNiMTJmJTI1M0EweDdiMTI0N2NkNDVlOGYxZDQlMjEyenc1TjZaQ3dnUjNuRG9YSWdkUzRzSURNMk1EQSUyMTVlMCUyMTNtMiUyMTFzaHUlMjEyc2h1JTIxNHYxNTE2MDkxMTQ4NjM3JTIyJTIwd2lkdGglM0QlMjI2MDAlMjIlMjBoZWlnaHQlM0QlMjI0NTAlMjIlMjBmcmFtZWJvcmRlciUzRCUyMjAlMjIlMjBzdHlsZSUzRCUyMmJvcmRlciUzQTAlMjIlMjBhbGxvd2Z1bGxzY3JlZW4lM0UlM0MlMkZpZnJhbWUlM0U=&#8221; size=&#8221;520px&#8221;][\/vc_column][\/vc_row]<\/p>\n<\/div>","protected":false},"excerpt":{"rendered":"<p>[vc_row wrap_type=&#8221;in_container&#8221;][vc_column width=&#8221;1\/2&#8243;][vc_custom_heading text=&#8221;Varga Tibor Fesztiv\u00e1l igazgat\u00f3&#8221; use_theme_fonts=&#8221;yes&#8221; css=&#8221;.vc_custom_1516091602723{margin-top: 0px !important;}&#8221;][vc_separator color=&#8221;custom&#8221; align=&#8221;align_left&#8221; el_width=&#8221;20&#8243; css_animation=&#8221;fadeInLeft&#8221; accent_color=&#8221;#dd0000&#8243;][vc_row_inner css=&#8221;.vc_custom_1439278659837{padding-right: 30px !important;}&#8221;][vc_column_inner][vc_column_text] Tel: +36 20 9426 995 Email: lucky.boys.orchestra@gmail.com [\/vc_column_text][\/vc_column_inner][\/vc_row_inner][\/vc_column][vc_column width=&#8221;1\/2&#8243;][vc_custom_heading text=&#8221;Dancsok Tam\u00e1s f\u0151szervez\u0151&#8221; use_theme_fonts=&#8221;yes&#8221; css=&#8221;.vc_custom_1516091613338{margin-top: 0px !important;}&#8221;][vc_separator color=&#8221;custom&#8221; align=&#8221;align_left&#8221; el_width=&#8221;20&#8243; css_animation=&#8221;fadeInLeft&#8221; accent_color=&#8221;#dd0000&#8243;][vc_row_inner css=&#8221;.vc_custom_1439278659837{padding-right: 30px !important;}&#8221;][vc_column_inner][vc_column_text] Tel:\u00a0+36 30 9551 227 [\/vc_column_text][\/vc_column_inner][\/vc_row_inner][\/vc_column][\/vc_row][vc_row wrap_type=&#8221;in_container&#8221; css=&#8221;.vc_custom_1516091687760{margin-top: 60px !important;}&#8221;][vc_column][vc_custom_heading text=&#8221;K\u00fcldj \u00fczenetet ha nem szeretsz telefon\u00e1lni&#8221; use_theme_fonts=&#8221;yes&#8221; css=&#8221;.vc_custom_1516091807617{margin-top:&#8230;<\/p>\n","protected":false},"author":1,"featured_media":0,"parent":0,"menu_order":0,"comment_status":"open","ping_status":"open","template":"page-no-sidebar.php","meta":{"footnotes":""},"class_list":["post-102","page","type-page","status-publish","hentry"],"_links":{"self":[{"href":"https:\/\/ozdijazzparade.com\/index.php\/wp-json\/wp\/v2\/pages\/102","targetHints":{"allow":["GET"]}}],"collection":[{"href":"https:\/\/ozdijazzparade.com\/index.php\/wp-json\/wp\/v2\/pages"}],"about":[{"href":"https:\/\/ozdijazzparade.com\/index.php\/wp-json\/wp\/v2\/types\/page"}],"author":[{"embeddable":true,"href":"https:\/\/ozdijazzparade.com\/index.php\/wp-json\/wp\/v2\/users\/1"}],"replies":[{"embeddable":true,"href":"https:\/\/ozdijazzparade.com\/index.php\/wp-json\/wp\/v2\/comments?post=102"}],"version-history":[{"count":6,"href":"https:\/\/ozdijazzparade.com\/index.php\/wp-json\/wp\/v2\/pages\/102\/revisions"}],"predecessor-version":[{"id":13295,"href":"https:\/\/ozdijazzparade.com\/index.php\/wp-json\/wp\/v2\/pages\/102\/revisions\/13295"}],"wp:attachment":[{"href":"https:\/\/ozdijazzparade.com\/index.php\/wp-json\/wp\/v2\/media?parent=102"}],"curies":[{"name":"wp","href":"https:\/\/api.w.org\/{rel}","templated":true}]}}