{"id":13277,"date":"2018-01-10T08:55:13","date_gmt":"2018-01-10T08:55:13","guid":{"rendered":"http:\/\/dolphinx.eu\/test\/jazz\/?page_id=13277"},"modified":"2019-09-09T08:46:16","modified_gmt":"2019-09-09T06:46:16","slug":"jegyvasarlas","status":"publish","type":"page","link":"https:\/\/ozdijazzparade.com\/index.php\/jegyvasarlas\/","title":{"rendered":"Jegyv\u00e1s\u00e1rl\u00e1s"},"content":{"rendered":"<div class=\"wpb-content-wrapper\"><p>[vc_row][vc_column][\/vc_column][\/vc_row][vc_row][vc_column][vc_column_text]<\/p>\n<h3>Napijegy: 1.900,-Ft<\/h3>\n<hr \/>\n<h3>2 napos jegy: 3.000,-Ft<\/h3>\n<hr \/>\n<p>Jegyv\u00e1s\u00e1rl\u00e1s az Olvas\u00f3ban,\u00d3zd Gy\u00e1r \u00fat 4 \u00a0\u00e9s a Digit\u00e1lis Er\u0151m\u0171ben,\u00d3zd Gy\u00e1r \u00fat 1 \u00a0lehets\u00e9ges![\/vc_column_text][\/vc_column][\/vc_row]<\/p>\n<\/div>","protected":false},"excerpt":{"rendered":"<p>[vc_row][vc_column][\/vc_column][\/vc_row][vc_row][vc_column][vc_column_text] Napijegy: 1.900,-Ft 2 napos jegy: 3.000,-Ft Jegyv\u00e1s\u00e1rl\u00e1s az Olvas\u00f3ban,\u00d3zd Gy\u00e1r \u00fat 4 \u00a0\u00e9s a Digit\u00e1lis Er\u0151m\u0171ben,\u00d3zd Gy\u00e1r \u00fat 1 \u00a0lehets\u00e9ges![\/vc_column_text][\/vc_column][\/vc_row]<\/p>\n","protected":false},"author":1,"featured_media":0,"parent":0,"menu_order":0,"comment_status":"closed","ping_status":"closed","template":"page-no-sidebar.php","meta":{"footnotes":""},"class_list":["post-13277","page","type-page","status-publish","hentry"],"_links":{"self":[{"href":"https:\/\/ozdijazzparade.com\/index.php\/wp-json\/wp\/v2\/pages\/13277","targetHints":{"allow":["GET"]}}],"collection":[{"href":"https:\/\/ozdijazzparade.com\/index.php\/wp-json\/wp\/v2\/pages"}],"about":[{"href":"https:\/\/ozdijazzparade.com\/index.php\/wp-json\/wp\/v2\/types\/page"}],"author":[{"embeddable":true,"href":"https:\/\/ozdijazzparade.com\/index.php\/wp-json\/wp\/v2\/users\/1"}],"replies":[{"embeddable":true,"href":"https:\/\/ozdijazzparade.com\/index.php\/wp-json\/wp\/v2\/comments?post=13277"}],"version-history":[{"count":7,"href":"https:\/\/ozdijazzparade.com\/index.php\/wp-json\/wp\/v2\/pages\/13277\/revisions"}],"predecessor-version":[{"id":13565,"href":"https:\/\/ozdijazzparade.com\/index.php\/wp-json\/wp\/v2\/pages\/13277\/revisions\/13565"}],"wp:attachment":[{"href":"https:\/\/ozdijazzparade.com\/index.php\/wp-json\/wp\/v2\/media?parent=13277"}],"curies":[{"name":"wp","href":"https:\/\/api.w.org\/{rel}","templated":true}]}}